{"id":37,"date":"2025-07-08T07:10:02","date_gmt":"2025-07-08T07:10:02","guid":{"rendered":"https:\/\/aaa-cert.org\/?page_id=37"},"modified":"2026-02-09T10:45:43","modified_gmt":"2026-02-09T10:45:43","slug":"impressum","status":"publish","type":"page","link":"https:\/\/aaa-cert.org\/?page_id=37","title":{"rendered":"Impressum"},"content":{"rendered":"\t\t<div data-elementor-type=\"wp-page\" data-elementor-id=\"37\" class=\"elementor elementor-37\" data-elementor-post-type=\"page\">\n\t\t\t\t<div class=\"elementor-element elementor-element-15cd5160 e-flex e-con-boxed e-con e-parent\" data-id=\"15cd5160\" data-element_type=\"container\" data-e-type=\"container\" data-settings=\"{&quot;background_background&quot;:&quot;classic&quot;}\">\n\t\t\t\t\t<div class=\"e-con-inner\">\n\t\t\t\t<div class=\"elementor-element elementor-element-5b95e8be elementor-widget elementor-widget-heading\" data-id=\"5b95e8be\" data-element_type=\"widget\" data-e-type=\"widget\" data-widget_type=\"heading.default\">\n\t\t\t\t<div class=\"elementor-widget-container\">\n\t\t\t\t\t<h2 class=\"elementor-heading-title elementor-size-default\">Impressum<\/h2>\t\t\t\t<\/div>\n\t\t\t\t<\/div>\n\t\t\t\t\t<\/div>\n\t\t\t\t<\/div>\n\t\t<div class=\"elementor-element elementor-element-32faeaa4 e-flex e-con-boxed e-con e-parent\" data-id=\"32faeaa4\" data-element_type=\"container\" data-e-type=\"container\">\n\t\t\t\t\t<div class=\"e-con-inner\">\n\t\t\t\t<div class=\"elementor-element elementor-element-1492dbbc elementor-widget elementor-widget-text-editor\" data-id=\"1492dbbc\" data-element_type=\"widget\" data-e-type=\"widget\" data-widget_type=\"text-editor.default\">\n\t\t\t\t<div class=\"elementor-widget-container\">\n\t\t\t\t\t\t\t\t\t<p><strong>Angaben gem\u00e4\u00df \u00a7 5 TMG:<\/strong><br \/>Advanced Audit and Analytics GmbH<br \/>N\u00e4gelsbachstr. 26<br \/>91052 Erlangen<br \/>Deutschland<\/p><p><strong>Vertreten durch:<\/strong><br \/>David Gabel (Gesch\u00e4ftsf\u00fchrer)<\/p><p><strong>Kontakt:<\/strong><br \/>Telefon: +49 (0)<br \/>E-Mail: support@aaa-cert.org<br \/>Webseite:\u00a0<a href=\"https:\/\/www.your-insider.com\/\">www.aaa-cert.org<\/a><\/p><p><strong>Umsatzsteuer-Identifikationsnummer gem\u00e4\u00df \u00a7 27a UStG:<\/strong><br \/>DE<\/p><p><strong>Haftung f\u00fcr Inhalte<br \/><\/strong>Die Inhalte unserer Seiten wurden mit gr\u00f6\u00dfter Sorgfalt erstellt. F\u00fcr die Richtigkeit, Vollst\u00e4ndigkeit und Aktualit\u00e4t der Inhalte k\u00f6nnen wir jedoch keine Gew\u00e4hr \u00fcbernehmen.<\/p><p>Als Diensteanbieter sind wir gem\u00e4\u00df \u00a7 7 Abs.1 TMG f\u00fcr eigene Inhalte auf diesen Seiten nach den allgemeinen Gesetzen verantwortlich. Nach \u00a7\u00a7 8 bis 10 TMG sind wir als Diensteanbieter jedoch nicht verpflichtet, \u00fcbermittelte oder gespeicherte fremde Informationen zu \u00fcberwachen oder nach Umst\u00e4nden zu forschen, die auf eine rechtswidrige T\u00e4tigkeit hinweisen. Verpflichtungen zur Entfernung oder Sperrung der Nutzung von Informationen nach den allgemeinen Gesetzen bleiben hiervon unber\u00fchrt. Eine diesbez\u00fcgliche Haftung ist jedoch erst ab dem Zeitpunkt der Kenntnis einer konkreten Rechtsverletzung m\u00f6glich. Bei Bekanntwerden von entsprechenden Rechtsverletzungen werden wir diese Inhalte umgehend entfernen.<\/p><p><strong>Urheberrecht<br \/><\/strong>Die auf dieser Website ver\u00f6ffentlichten Inhalte, Texte, Bilder und Grafiken unterliegen dem deutschen Urheberrecht. Jede Vervielf\u00e4ltigung, Bearbeitung, Verbreitung oder sonstige Verwertung au\u00dferhalb der Grenzen des Urheberrechts bedarf der vorherigen schriftlichen Zustimmung des jeweiligen Rechteinhabers.<\/p><p>Fotos, die ausdr\u00fccklich zum Download bereitgestellt werden, d\u00fcrfen von Kunden des Seitenbetreibers und Pressevertretern verwendet werden, sofern die Bildrechte kenntlich gemacht werden. Das Zitieren einzelner Textpassagen oder ganzer Texte ist nur unter Angabe der Quelle und des Urhebers zul\u00e4ssig.<\/p><p><strong>Hinweis zur Rechtsberatung<br \/><\/strong>Die Inhalte dieser Website dienen ausschlie\u00dflich Informationszwecken und stellen keine Rechtsberatung im Sinne des Rechtsdienstleistungsgesetzes (RDG) dar. F\u00fcr rechtliche Fragen und individuelle Beratung wird empfohlen, einen qualifizierten Rechtsanwalt zu konsultieren.<\/p>\t\t\t\t\t\t\t\t<\/div>\n\t\t\t\t<\/div>\n\t\t\t\t\t<\/div>\n\t\t\t\t<\/div>\n\t\t\t\t<\/div>\n\t\t","protected":false},"excerpt":{"rendered":"<p>Impressum Angaben gem\u00e4\u00df \u00a7 5 TMG:Advanced Audit and Analytics GmbHN\u00e4gelsbachstr. 2691052 ErlangenDeutschland Vertreten durch:David Gabel (Gesch\u00e4ftsf\u00fchrer) Kontakt:Telefon: +49 (0)E-Mail: support@aaa-cert.orgWebseite:\u00a0www.aaa-cert.org Umsatzsteuer-Identifikationsnummer gem\u00e4\u00df \u00a7 27a UStG:DE Haftung f\u00fcr InhalteDie Inhalte unserer Seiten wurden mit gr\u00f6\u00dfter Sorgfalt erstellt. F\u00fcr die Richtigkeit, Vollst\u00e4ndigkeit und Aktualit\u00e4t der Inhalte k\u00f6nnen wir jedoch keine Gew\u00e4hr \u00fcbernehmen. Als Diensteanbieter sind wir gem\u00e4\u00df [&hellip;]<\/p>\n","protected":false},"author":4,"featured_media":0,"parent":0,"menu_order":0,"comment_status":"closed","ping_status":"closed","template":"elementor_canvas","meta":{"footnotes":""},"class_list":["post-37","page","type-page","status-publish","hentry"],"_links":{"self":[{"href":"https:\/\/aaa-cert.org\/index.php?rest_route=\/wp\/v2\/pages\/37","targetHints":{"allow":["GET"]}}],"collection":[{"href":"https:\/\/aaa-cert.org\/index.php?rest_route=\/wp\/v2\/pages"}],"about":[{"href":"https:\/\/aaa-cert.org\/index.php?rest_route=\/wp\/v2\/types\/page"}],"author":[{"embeddable":true,"href":"https:\/\/aaa-cert.org\/index.php?rest_route=\/wp\/v2\/users\/4"}],"replies":[{"embeddable":true,"href":"https:\/\/aaa-cert.org\/index.php?rest_route=%2Fwp%2Fv2%2Fcomments&post=37"}],"version-history":[{"count":13,"href":"https:\/\/aaa-cert.org\/index.php?rest_route=\/wp\/v2\/pages\/37\/revisions"}],"predecessor-version":[{"id":681,"href":"https:\/\/aaa-cert.org\/index.php?rest_route=\/wp\/v2\/pages\/37\/revisions\/681"}],"wp:attachment":[{"href":"https:\/\/aaa-cert.org\/index.php?rest_route=%2Fwp%2Fv2%2Fmedia&parent=37"}],"curies":[{"name":"wp","href":"https:\/\/api.w.org\/{rel}","templated":true}]}}